{"id":80,"date":"2025-08-22T20:40:54","date_gmt":"2025-08-22T18:40:54","guid":{"rendered":"https:\/\/ipcim.org.pl\/home\/"},"modified":"2026-01-10T14:19:37","modified_gmt":"2026-01-10T13:19:37","slug":"home","status":"publish","type":"page","link":"https:\/\/ipcim.org.pl\/en\/home\/","title":{"rendered":"About Foundation"},"content":{"rendered":"<p><div class=\"fusion-fullwidth fullwidth-box fusion-builder-row-1 fusion-flex-container has-pattern-background has-mask-background hundred-percent-fullwidth non-hundred-percent-height-scrolling fusion-no-small-visibility\" style=\"--awb-border-radius-top-left:0px;--awb-border-radius-top-right:0px;--awb-border-radius-bottom-right:0px;--awb-border-radius-bottom-left:0px;--awb-flex-wrap:wrap;\" ><div class=\"fusion-builder-row fusion-row fusion-flex-align-items-flex-start fusion-flex-justify-content-center fusion-flex-content-wrap\" style=\"width:104% !important;max-width:104% !important;margin-left: calc(-4% \/ 2 );margin-right: calc(-4% \/ 2 );\"><div class=\"fusion-layout-column fusion_builder_column fusion-builder-column-0 fusion_builder_column_1_1 1_1 fusion-flex-column fusion-flex-align-self-flex-start\" style=\"--awb-padding-top:0px;--awb-padding-right:0px;--awb-padding-bottom:0px;--awb-padding-left:0px;--awb-bg-size:cover;--awb-width-large:100%;--awb-margin-top-large:0px;--awb-spacing-right-large:0px;--awb-margin-bottom-large:0px;--awb-spacing-left-large:0px;--awb-width-medium:100%;--awb-order-medium:0;--awb-spacing-right-medium:0px;--awb-spacing-left-medium:0px;--awb-width-small:100%;--awb-order-small:0;--awb-spacing-right-small:1.92%;--awb-spacing-left-small:1.92%;\" data-scroll-devices=\"small-visibility,medium-visibility,large-visibility\"><div class=\"fusion-column-wrapper fusion-column-has-shadow fusion-flex-justify-content-center fusion-content-layout-column\"><div class=\"fusion-slider-sc\"><div class=\"fusion-flexslider-loading flexslider flexslider-hover-type-none\" data-slideshow_autoplay=\"1\" data-slideshow_smooth_height=\"0\" data-slideshow_speed=\"7000\" style=\"max-width:100%;height:100%;\"><ul class=\"slides\"><li class=\"image\"><span class=\"fusion-image-hover-element hover-type-none\"><img decoding=\"async\" src=\"https:\/\/ipcim.org.pl\/wp-content\/uploads\/2026\/01\/About-01.jpg\" width=\"2000\" height=\"387\" class=\"wp-image-1106\" \/><\/span><\/li><\/ul><\/div><\/div><\/div><\/div><\/div><\/div><div class=\"fusion-fullwidth fullwidth-box fusion-builder-row-2 fusion-flex-container has-pattern-background has-mask-background hundred-percent-fullwidth non-hundred-percent-height-scrolling fusion-no-medium-visibility fusion-no-large-visibility\" style=\"--awb-border-radius-top-left:0px;--awb-border-radius-top-right:0px;--awb-border-radius-bottom-right:0px;--awb-border-radius-bottom-left:0px;--awb-padding-top:0px;--awb-padding-right:0px;--awb-padding-bottom:0px;--awb-padding-left:0px;--awb-margin-top:0px;--awb-margin-bottom:0px;--awb-flex-wrap:wrap;\" ><div class=\"fusion-builder-row fusion-row fusion-flex-align-items-flex-start fusion-flex-justify-content-center fusion-flex-content-wrap\" style=\"width:104% !important;max-width:104% !important;margin-left: calc(-4% \/ 2 );margin-right: calc(-4% \/ 2 );\"><div class=\"fusion-layout-column fusion_builder_column fusion-builder-column-1 fusion_builder_column_1_1 1_1 fusion-flex-column fusion-flex-align-self-flex-start\" style=\"--awb-padding-top:0px;--awb-padding-right:0px;--awb-padding-bottom:0px;--awb-padding-left:0px;--awb-bg-size:cover;--awb-width-large:100%;--awb-margin-top-large:0px;--awb-spacing-right-large:0px;--awb-margin-bottom-large:0px;--awb-spacing-left-large:0px;--awb-width-medium:100%;--awb-order-medium:0;--awb-spacing-right-medium:0px;--awb-spacing-left-medium:0px;--awb-width-small:100%;--awb-order-small:0;--awb-spacing-right-small:1.92%;--awb-spacing-left-small:1.92%;\" data-scroll-devices=\"small-visibility,medium-visibility,large-visibility\"><div class=\"fusion-column-wrapper fusion-column-has-shadow fusion-flex-justify-content-flex-start fusion-content-layout-column\"><div class=\"fusion-slider-sc\"><div class=\"fusion-flexslider-loading flexslider fusion-aligncenter flexslider-hover-type-none\" data-slideshow_autoplay=\"1\" data-slideshow_smooth_height=\"0\" data-slideshow_speed=\"7000\" style=\"max-width:100%;height:100%;\"><ul class=\"slides\"><li class=\"image\"><span class=\"fusion-image-hover-element hover-type-none\"><img decoding=\"async\" src=\"https:\/\/ipcim.org.pl\/wp-content\/uploads\/2026\/01\/About-Mobile_01.jpg\" width=\"1177\" height=\"387\" class=\"wp-image-1353\" \/><\/span><\/li><\/ul><\/div><\/div><\/div><\/div><\/div><\/div><div class=\"fusion-fullwidth fullwidth-box fusion-builder-row-3 fusion-flex-container has-pattern-background has-mask-background nonhundred-percent-fullwidth non-hundred-percent-height-scrolling\" style=\"--awb-border-sizes-top:0;--awb-border-sizes-bottom:0;--awb-border-sizes-left:0;--awb-border-sizes-right:0;--awb-border-color:#547c40;--awb-border-radius-top-left:0px;--awb-border-radius-top-right:0px;--awb-border-radius-bottom-right:0px;--awb-border-radius-bottom-left:0px;--awb-padding-top:0px;--awb-padding-right:60px;--awb-padding-bottom:0px;--awb-padding-left:60px;--awb-padding-top-small:0px;--awb-padding-right-small:30px;--awb-padding-bottom-small:0px;--awb-padding-left-small:30px;--awb-margin-top:0px;--awb-margin-bottom:0px;--awb-margin-top-small:0px;--awb-margin-bottom-small:0px;--awb-background-size:cover;--awb-flex-wrap:nowrap;\" ><div class=\"fusion-builder-row fusion-row fusion-flex-align-items-center fusion-flex-justify-content-center fusion-flex-content-wrap\" style=\"max-width:1248px;margin-left: calc(-4% \/ 2 );margin-right: calc(-4% \/ 2 );\"><div class=\"fusion-layout-column fusion_builder_column fusion-builder-column-2 fusion_builder_column_1_1 1_1 fusion-flex-column\" style=\"--awb-padding-top:0px;--awb-padding-right:60px;--awb-padding-bottom:30px;--awb-padding-left:60px;--awb-padding-top-small:0px;--awb-padding-right-small:0px;--awb-padding-bottom-small:0px;--awb-padding-left-small:0px;--awb-bg-size:cover;--awb-width-large:100%;--awb-margin-top-large:0px;--awb-spacing-right-large:0px;--awb-margin-bottom-large:0px;--awb-spacing-left-large:0px;--awb-width-medium:100%;--awb-order-medium:0;--awb-spacing-right-medium:0px;--awb-spacing-left-medium:0px;--awb-width-small:100%;--awb-order-small:0;--awb-margin-top-small:0;--awb-spacing-right-small:0px;--awb-margin-bottom-small:0;--awb-spacing-left-small:0px;\" data-scroll-devices=\"small-visibility,medium-visibility,large-visibility\"><div class=\"fusion-column-wrapper fusion-column-has-shadow fusion-flex-justify-content-flex-start fusion-content-layout-column\"><div class=\"fusion-text fusion-text-1 fusion-text-no-margin\" style=\"--awb-font-size:16px;--awb-text-color:#9c9b9b;--awb-text-font-family:&quot;Barlow Condensed&quot;;--awb-text-font-style:normal;--awb-text-font-weight:300;\"><p data-start=\"240\" data-end=\"586\"><strong>The Institute for Human Rights and Media<\/strong> is an independent expert foundation working to protect human rights in the informational, media, and digital spheres. It focuses on fundamental freedoms: the right to information, freedom of expression, the protection of privacy, and the protection of personal rights in public debate and online communication. <\/p>\n<p data-start=\"588\" data-end=\"1131\">The Institute conducts systematic monitoring of the media and online content, carries out information verification processes (fact-checking), identifies logical fallacies and mechanisms of communicative manipulation, and then publishes analyses and reports revealing their scale, sources, and effects. It supports individuals and entities whose rights have been violated as a result of media publications or cyber violence by providing legal assistance, conducting mediation, preparing expert opinions, and representing victims in national and international proceedings. <\/p>\n<p data-start=\"1133\" data-end=\"1541\">The Institute acts as amicus curiae, providing independent analyses in cases concerning media freedom, disinformation, and communicative responsibility. It engages in legislative consultations and the work of advisory bodies where standards for the protection of rights in digital communication, regulations on media integrity, and principles for the responsible use of information technologies are shaped. <\/p>\n<p data-start=\"1543\" data-end=\"2077\">The Institute's educational activities include the development of media literacy, the promotion of journalistic standards, research into the impact of information on social processes, and programs aimed at correcting behavior related to media and digital violence. The Institute also undertakes remedial actions toward perpetrators of communicative abuses, based on analysis of their relationship with the information environment and work with victims, witnesses, and the audience community\u2014placing emphasis on lasting changes in social norms rather than merely the elimination of individual incidents. <\/p>\n<p data-start=\"2079\" data-end=\"2386\" data-is-last-node=\"\" data-is-only-node=\"\">The Institute operates in Poland and, to the extent necessary to pursue its statutory objectives, also beyond its borders. All activities are carried out in accordance with principles of transparency, methodological rigor, and the falsifiability of claims, with analyses based on evidence, logical coherence, and measurable social impacts. <\/p>\n<\/div><\/div><\/div><\/div><\/div><\/p>\n","protected":false},"excerpt":{"rendered":"","protected":false},"author":1,"featured_media":76,"parent":0,"menu_order":0,"comment_status":"closed","ping_status":"closed","template":"100-width.php","meta":{"footnotes":""},"class_list":["post-80","page","type-page","status-publish","has-post-thumbnail","hentry"],"yoast_head":"<!-- This site is optimized with the Yoast SEO plugin v27.4 - https:\/\/yoast.com\/product\/yoast-seo-wordpress\/ -->\n<title>Institute for Human Rights and Media | Law, Truth, Ethics<\/title>\n<meta name=\"description\" content=\"The Institute for Human Rights and Media (IPCiM) is an independent expert foundation monitoring information, countering disinformation, supporting victims, and defending freedom of expression.\" \/>\n<meta name=\"robots\" content=\"index, follow, max-snippet:-1, max-image-preview:large, max-video-preview:-1\" \/>\n<link rel=\"canonical\" href=\"https:\/\/ipcim.org.pl\/en\/home\/\" \/>\n<meta property=\"og:locale\" content=\"en_US\" \/>\n<meta property=\"og:type\" content=\"article\" \/>\n<meta property=\"og:title\" content=\"Institute for Human Rights and Media | Law, Truth, Ethics\" \/>\n<meta property=\"og:description\" content=\"The Institute for Human Rights and Media (IPCiM) is an independent expert foundation monitoring information, countering disinformation, supporting victims, and defending freedom of expression.\" \/>\n<meta property=\"og:url\" content=\"https:\/\/ipcim.org.pl\/en\/home\/\" \/>\n<meta property=\"og:site_name\" content=\"Instytut Praw Cz\u0142owieka i Medi\u00f3w\" \/>\n<meta property=\"article:modified_time\" content=\"2026-01-10T13:19:37+00:00\" \/>\n<meta property=\"og:image\" content=\"https:\/\/ipcim.org.pl\/wp-content\/uploads\/2025\/08\/Narodowa-Fundacja-Ochrony-Srodowiska-i-Bioroznorodnosci-logo-BIG.png\" \/>\n\t<meta property=\"og:image:width\" content=\"2000\" \/>\n\t<meta property=\"og:image:height\" content=\"929\" \/>\n\t<meta property=\"og:image:type\" content=\"image\/png\" \/>\n<meta name=\"twitter:card\" content=\"summary_large_image\" \/>\n<meta name=\"twitter:label1\" content=\"Est. reading time\" \/>\n\t<meta name=\"twitter:data1\" content=\"18 minutes\" \/>\n<script type=\"application\/ld+json\" class=\"yoast-schema-graph\">{\"@context\":\"https:\\\/\\\/schema.org\",\"@graph\":[{\"@type\":\"WebPage\",\"@id\":\"https:\\\/\\\/ipcim.org.pl\\\/en\\\/home\\\/\",\"url\":\"https:\\\/\\\/ipcim.org.pl\\\/en\\\/home\\\/\",\"name\":\"Institute for Human Rights and Media | Law, Truth, Ethics\",\"isPartOf\":{\"@id\":\"https:\\\/\\\/ipcim.org.pl\\\/#website\"},\"primaryImageOfPage\":{\"@id\":\"https:\\\/\\\/ipcim.org.pl\\\/en\\\/home\\\/#primaryimage\"},\"image\":{\"@id\":\"https:\\\/\\\/ipcim.org.pl\\\/en\\\/home\\\/#primaryimage\"},\"thumbnailUrl\":\"https:\\\/\\\/ipcim.org.pl\\\/wp-content\\\/uploads\\\/2025\\\/08\\\/Narodowa-Fundacja-Ochrony-Srodowiska-i-Bioroznorodnosci-logo-BIG.png\",\"datePublished\":\"2025-08-22T18:40:54+00:00\",\"dateModified\":\"2026-01-10T13:19:37+00:00\",\"description\":\"The Institute for Human Rights and Media (IPCiM) is an independent expert foundation monitoring information, countering disinformation, supporting victims, and defending freedom of expression.\",\"breadcrumb\":{\"@id\":\"https:\\\/\\\/ipcim.org.pl\\\/en\\\/home\\\/#breadcrumb\"},\"inLanguage\":\"en-US\",\"potentialAction\":[{\"@type\":\"ReadAction\",\"target\":[\"https:\\\/\\\/ipcim.org.pl\\\/en\\\/home\\\/\"]}]},{\"@type\":\"ImageObject\",\"inLanguage\":\"en-US\",\"@id\":\"https:\\\/\\\/ipcim.org.pl\\\/en\\\/home\\\/#primaryimage\",\"url\":\"https:\\\/\\\/ipcim.org.pl\\\/wp-content\\\/uploads\\\/2025\\\/08\\\/Narodowa-Fundacja-Ochrony-Srodowiska-i-Bioroznorodnosci-logo-BIG.png\",\"contentUrl\":\"https:\\\/\\\/ipcim.org.pl\\\/wp-content\\\/uploads\\\/2025\\\/08\\\/Narodowa-Fundacja-Ochrony-Srodowiska-i-Bioroznorodnosci-logo-BIG.png\",\"width\":2000,\"height\":929,\"caption\":\"Narodowa Fundacja Ochrony \u015arodowiska i Bior\u00f3\u017cnorodno\u015bci\"},{\"@type\":\"BreadcrumbList\",\"@id\":\"https:\\\/\\\/ipcim.org.pl\\\/en\\\/home\\\/#breadcrumb\",\"itemListElement\":[{\"@type\":\"ListItem\",\"position\":1,\"name\":\"Strona g\u0142\u00f3wna\",\"item\":\"https:\\\/\\\/ipcim.org.pl\\\/en\\\/homeeng\\\/\"},{\"@type\":\"ListItem\",\"position\":2,\"name\":\"About Foundation\"}]},{\"@type\":\"WebSite\",\"@id\":\"https:\\\/\\\/ipcim.org.pl\\\/#website\",\"url\":\"https:\\\/\\\/ipcim.org.pl\\\/\",\"name\":\"Instytut Praw Cz\u0142owieka i Medi\u00f3w\",\"description\":\"Etyka, prawo i odpowiedzialno\u015b\u0107 informacyjna\",\"publisher\":{\"@id\":\"https:\\\/\\\/ipcim.org.pl\\\/#organization\"},\"alternateName\":\"Instytut Praw Cz\u0142owieka i Medi\u00f3w\",\"potentialAction\":[{\"@type\":\"SearchAction\",\"target\":{\"@type\":\"EntryPoint\",\"urlTemplate\":\"https:\\\/\\\/ipcim.org.pl\\\/?s={search_term_string}\"},\"query-input\":{\"@type\":\"PropertyValueSpecification\",\"valueRequired\":true,\"valueName\":\"search_term_string\"}}],\"inLanguage\":\"en-US\"},{\"@type\":\"Organization\",\"@id\":\"https:\\\/\\\/ipcim.org.pl\\\/#organization\",\"name\":\"Instytut Praw Cz\u0142owieka i Medi\u00f3w\",\"alternateName\":\"Instytut Praw Cz\u0142owieka i Medi\u00f3w\",\"url\":\"https:\\\/\\\/ipcim.org.pl\\\/\",\"logo\":{\"@type\":\"ImageObject\",\"inLanguage\":\"en-US\",\"@id\":\"https:\\\/\\\/ipcim.org.pl\\\/#\\\/schema\\\/logo\\\/image\\\/\",\"url\":\"https:\\\/\\\/ipcim.org.pl\\\/wp-content\\\/uploads\\\/2026\\\/01\\\/FIPCIM_Logo_Kwadrat_v01_got.png\",\"contentUrl\":\"https:\\\/\\\/ipcim.org.pl\\\/wp-content\\\/uploads\\\/2026\\\/01\\\/FIPCIM_Logo_Kwadrat_v01_got.png\",\"width\":696,\"height\":696,\"caption\":\"Instytut Praw Cz\u0142owieka i Medi\u00f3w\"},\"image\":{\"@id\":\"https:\\\/\\\/ipcim.org.pl\\\/#\\\/schema\\\/logo\\\/image\\\/\"}}]}<\/script>\n<!-- \/ Yoast SEO plugin. -->","yoast_head_json":{"title":"Institute for Human Rights and Media | Law, Truth, Ethics","description":"The Institute for Human Rights and Media (IPCiM) is an independent expert foundation monitoring information, countering disinformation, supporting victims, and defending freedom of expression.","robots":{"index":"index","follow":"follow","max-snippet":"max-snippet:-1","max-image-preview":"max-image-preview:large","max-video-preview":"max-video-preview:-1"},"canonical":"https:\/\/ipcim.org.pl\/en\/home\/","og_locale":"en_US","og_type":"article","og_title":"Institute for Human Rights and Media | Law, Truth, Ethics","og_description":"The Institute for Human Rights and Media (IPCiM) is an independent expert foundation monitoring information, countering disinformation, supporting victims, and defending freedom of expression.","og_url":"https:\/\/ipcim.org.pl\/en\/home\/","og_site_name":"Instytut Praw Cz\u0142owieka i Medi\u00f3w","article_modified_time":"2026-01-10T13:19:37+00:00","og_image":[{"width":2000,"height":929,"url":"https:\/\/ipcim.org.pl\/wp-content\/uploads\/2025\/08\/Narodowa-Fundacja-Ochrony-Srodowiska-i-Bioroznorodnosci-logo-BIG.png","type":"image\/png"}],"twitter_card":"summary_large_image","twitter_misc":{"Est. reading time":"18 minutes"},"schema":{"@context":"https:\/\/schema.org","@graph":[{"@type":"WebPage","@id":"https:\/\/ipcim.org.pl\/en\/home\/","url":"https:\/\/ipcim.org.pl\/en\/home\/","name":"Institute for Human Rights and Media | Law, Truth, Ethics","isPartOf":{"@id":"https:\/\/ipcim.org.pl\/#website"},"primaryImageOfPage":{"@id":"https:\/\/ipcim.org.pl\/en\/home\/#primaryimage"},"image":{"@id":"https:\/\/ipcim.org.pl\/en\/home\/#primaryimage"},"thumbnailUrl":"https:\/\/ipcim.org.pl\/wp-content\/uploads\/2025\/08\/Narodowa-Fundacja-Ochrony-Srodowiska-i-Bioroznorodnosci-logo-BIG.png","datePublished":"2025-08-22T18:40:54+00:00","dateModified":"2026-01-10T13:19:37+00:00","description":"The Institute for Human Rights and Media (IPCiM) is an independent expert foundation monitoring information, countering disinformation, supporting victims, and defending freedom of expression.","breadcrumb":{"@id":"https:\/\/ipcim.org.pl\/en\/home\/#breadcrumb"},"inLanguage":"en-US","potentialAction":[{"@type":"ReadAction","target":["https:\/\/ipcim.org.pl\/en\/home\/"]}]},{"@type":"ImageObject","inLanguage":"en-US","@id":"https:\/\/ipcim.org.pl\/en\/home\/#primaryimage","url":"https:\/\/ipcim.org.pl\/wp-content\/uploads\/2025\/08\/Narodowa-Fundacja-Ochrony-Srodowiska-i-Bioroznorodnosci-logo-BIG.png","contentUrl":"https:\/\/ipcim.org.pl\/wp-content\/uploads\/2025\/08\/Narodowa-Fundacja-Ochrony-Srodowiska-i-Bioroznorodnosci-logo-BIG.png","width":2000,"height":929,"caption":"Narodowa Fundacja Ochrony \u015arodowiska i Bior\u00f3\u017cnorodno\u015bci"},{"@type":"BreadcrumbList","@id":"https:\/\/ipcim.org.pl\/en\/home\/#breadcrumb","itemListElement":[{"@type":"ListItem","position":1,"name":"Strona g\u0142\u00f3wna","item":"https:\/\/ipcim.org.pl\/en\/homeeng\/"},{"@type":"ListItem","position":2,"name":"About Foundation"}]},{"@type":"WebSite","@id":"https:\/\/ipcim.org.pl\/#website","url":"https:\/\/ipcim.org.pl\/","name":"Instytut Praw Cz\u0142owieka i Medi\u00f3w","description":"Etyka, prawo i odpowiedzialno\u015b\u0107 informacyjna","publisher":{"@id":"https:\/\/ipcim.org.pl\/#organization"},"alternateName":"Instytut Praw Cz\u0142owieka i Medi\u00f3w","potentialAction":[{"@type":"SearchAction","target":{"@type":"EntryPoint","urlTemplate":"https:\/\/ipcim.org.pl\/?s={search_term_string}"},"query-input":{"@type":"PropertyValueSpecification","valueRequired":true,"valueName":"search_term_string"}}],"inLanguage":"en-US"},{"@type":"Organization","@id":"https:\/\/ipcim.org.pl\/#organization","name":"Instytut Praw Cz\u0142owieka i Medi\u00f3w","alternateName":"Instytut Praw Cz\u0142owieka i Medi\u00f3w","url":"https:\/\/ipcim.org.pl\/","logo":{"@type":"ImageObject","inLanguage":"en-US","@id":"https:\/\/ipcim.org.pl\/#\/schema\/logo\/image\/","url":"https:\/\/ipcim.org.pl\/wp-content\/uploads\/2026\/01\/FIPCIM_Logo_Kwadrat_v01_got.png","contentUrl":"https:\/\/ipcim.org.pl\/wp-content\/uploads\/2026\/01\/FIPCIM_Logo_Kwadrat_v01_got.png","width":696,"height":696,"caption":"Instytut Praw Cz\u0142owieka i Medi\u00f3w"},"image":{"@id":"https:\/\/ipcim.org.pl\/#\/schema\/logo\/image\/"}}]}},"_links":{"self":[{"href":"https:\/\/ipcim.org.pl\/en\/wp-json\/wp\/v2\/pages\/80","targetHints":{"allow":["GET"]}}],"collection":[{"href":"https:\/\/ipcim.org.pl\/en\/wp-json\/wp\/v2\/pages"}],"about":[{"href":"https:\/\/ipcim.org.pl\/en\/wp-json\/wp\/v2\/types\/page"}],"author":[{"embeddable":true,"href":"https:\/\/ipcim.org.pl\/en\/wp-json\/wp\/v2\/users\/1"}],"replies":[{"embeddable":true,"href":"https:\/\/ipcim.org.pl\/en\/wp-json\/wp\/v2\/comments?post=80"}],"version-history":[{"count":8,"href":"https:\/\/ipcim.org.pl\/en\/wp-json\/wp\/v2\/pages\/80\/revisions"}],"predecessor-version":[{"id":1364,"href":"https:\/\/ipcim.org.pl\/en\/wp-json\/wp\/v2\/pages\/80\/revisions\/1364"}],"wp:featuredmedia":[{"embeddable":true,"href":"https:\/\/ipcim.org.pl\/en\/wp-json\/wp\/v2\/media\/76"}],"wp:attachment":[{"href":"https:\/\/ipcim.org.pl\/en\/wp-json\/wp\/v2\/media?parent=80"}],"curies":[{"name":"wp","href":"https:\/\/api.w.org\/{rel}","templated":true}]}}