{"id":1284,"date":"2025-09-06T12:52:13","date_gmt":"2025-09-06T10:52:13","guid":{"rendered":"https:\/\/ipcim.org.pl\/freedom-of-expression\/"},"modified":"2026-01-12T18:24:37","modified_gmt":"2026-01-12T17:24:37","slug":"freedom-of-expression","status":"publish","type":"page","link":"https:\/\/ipcim.org.pl\/en\/freedom-of-expression\/","title":{"rendered":"Freedom of Expression"},"content":{"rendered":"<p><div class=\"fusion-fullwidth fullwidth-box fusion-builder-row-1 fusion-flex-container has-pattern-background has-mask-background hundred-percent-fullwidth non-hundred-percent-height-scrolling fusion-no-small-visibility\" style=\"--awb-border-sizes-top:0;--awb-border-sizes-bottom:0;--awb-border-sizes-left:0;--awb-border-sizes-right:0;--awb-border-radius-top-left:0px;--awb-border-radius-top-right:0px;--awb-border-radius-bottom-right:0px;--awb-border-radius-bottom-left:0px;--awb-padding-top:0px;--awb-padding-right:0px;--awb-padding-bottom:0px;--awb-padding-left:0px;--awb-margin-top:0px;--awb-margin-bottom:0px;--awb-flex-wrap:wrap;\" ><div class=\"fusion-builder-row fusion-row fusion-flex-align-items-flex-start fusion-flex-content-wrap\" style=\"width:104% !important;max-width:104% !important;margin-left: calc(-4% \/ 2 );margin-right: calc(-4% \/ 2 );\"><div class=\"fusion-layout-column fusion_builder_column fusion-builder-column-0 fusion_builder_column_1_1 1_1 fusion-flex-column\" style=\"--awb-padding-top:0px;--awb-padding-right:0px;--awb-padding-bottom:0px;--awb-padding-left:0px;--awb-bg-size:cover;--awb-width-large:100%;--awb-margin-top-large:0px;--awb-spacing-right-large:0px;--awb-margin-bottom-large:0px;--awb-spacing-left-large:0px;--awb-width-medium:100%;--awb-order-medium:0;--awb-spacing-right-medium:0px;--awb-spacing-left-medium:0px;--awb-width-small:100%;--awb-order-small:0;--awb-spacing-right-small:1.92%;--awb-spacing-left-small:1.92%;\" data-scroll-devices=\"small-visibility,medium-visibility,large-visibility\"><div class=\"fusion-column-wrapper fusion-column-has-shadow fusion-flex-justify-content-flex-start fusion-content-layout-column\"><div class=\"fusion-image-element \" style=\"text-align:center;--awb-margin-top:0px;--awb-margin-right:0px;--awb-margin-bottom:0px;--awb-margin-left:0px;--awb-caption-title-font-family:var(--h2_typography-font-family);--awb-caption-title-font-weight:var(--h2_typography-font-weight);--awb-caption-title-font-style:var(--h2_typography-font-style);--awb-caption-title-size:var(--h2_typography-font-size);--awb-caption-title-transform:var(--h2_typography-text-transform);--awb-caption-title-line-height:var(--h2_typography-line-height);--awb-caption-title-letter-spacing:var(--h2_typography-letter-spacing);\"><span class=\" fusion-imageframe imageframe-none imageframe-1 hover-type-none\"><img decoding=\"async\" width=\"2000\" height=\"387\" title=\"WolnoscSlowa-01\" src=\"https:\/\/ipcim.org.pl\/wp-content\/uploads\/2026\/01\/FreedomOfExpression-01.jpg\" alt class=\"img-responsive wp-image-1121\"\/><\/span><\/div><\/div><\/div><\/div><\/div><div class=\"fusion-fullwidth fullwidth-box fusion-builder-row-2 fusion-flex-container has-pattern-background has-mask-background hundred-percent-fullwidth non-hundred-percent-height-scrolling fusion-no-medium-visibility fusion-no-large-visibility\" style=\"--awb-border-sizes-top:0;--awb-border-sizes-bottom:0;--awb-border-sizes-left:0;--awb-border-sizes-right:0;--awb-border-radius-top-left:0px;--awb-border-radius-top-right:0px;--awb-border-radius-bottom-right:0px;--awb-border-radius-bottom-left:0px;--awb-padding-top:0px;--awb-padding-right:0px;--awb-padding-bottom:0px;--awb-padding-left:0px;--awb-margin-top:0px;--awb-margin-bottom:0px;--awb-flex-wrap:wrap;\" ><div class=\"fusion-builder-row fusion-row fusion-flex-align-items-flex-start fusion-flex-content-wrap\" style=\"width:104% !important;max-width:104% !important;margin-left: calc(-4% \/ 2 );margin-right: calc(-4% \/ 2 );\"><div class=\"fusion-layout-column fusion_builder_column fusion-builder-column-1 fusion_builder_column_1_1 1_1 fusion-flex-column\" style=\"--awb-padding-top:0px;--awb-padding-right:0px;--awb-padding-bottom:0px;--awb-padding-left:0px;--awb-bg-size:cover;--awb-width-large:100%;--awb-margin-top-large:0px;--awb-spacing-right-large:0px;--awb-margin-bottom-large:0px;--awb-spacing-left-large:0px;--awb-width-medium:100%;--awb-order-medium:0;--awb-spacing-right-medium:0px;--awb-spacing-left-medium:0px;--awb-width-small:100%;--awb-order-small:0;--awb-spacing-right-small:1.92%;--awb-spacing-left-small:1.92%;\" data-scroll-devices=\"small-visibility,medium-visibility,large-visibility\"><div class=\"fusion-column-wrapper fusion-column-has-shadow fusion-flex-justify-content-flex-start fusion-content-layout-column\"><div class=\"fusion-image-element \" style=\"text-align:center;--awb-margin-top:0px;--awb-margin-right:0px;--awb-margin-bottom:0px;--awb-margin-left:0px;--awb-caption-title-font-family:var(--h2_typography-font-family);--awb-caption-title-font-weight:var(--h2_typography-font-weight);--awb-caption-title-font-style:var(--h2_typography-font-style);--awb-caption-title-size:var(--h2_typography-font-size);--awb-caption-title-transform:var(--h2_typography-text-transform);--awb-caption-title-line-height:var(--h2_typography-line-height);--awb-caption-title-letter-spacing:var(--h2_typography-letter-spacing);\"><span class=\" fusion-imageframe imageframe-none imageframe-2 hover-type-none\"><img decoding=\"async\" width=\"1177\" height=\"387\" title=\"Wolno\u015b\u0107-Slowa-Mobile_01\" src=\"https:\/\/ipcim.org.pl\/wp-content\/uploads\/2026\/01\/FreedomOfExpression-Mobile_01.jpg\" alt class=\"img-responsive wp-image-1143\"\/><\/span><\/div><\/div><\/div><\/div><\/div><div class=\"fusion-fullwidth fullwidth-box fusion-builder-row-3 fusion-flex-container has-pattern-background has-mask-background nonhundred-percent-fullwidth non-hundred-percent-height-scrolling\" style=\"--awb-border-sizes-top:0;--awb-border-sizes-bottom:0;--awb-border-sizes-left:0;--awb-border-sizes-right:0;--awb-border-radius-top-left:0px;--awb-border-radius-top-right:0px;--awb-border-radius-bottom-right:0px;--awb-border-radius-bottom-left:0px;--awb-padding-top:0px;--awb-padding-right:0px;--awb-padding-bottom:0px;--awb-padding-left:0px;--awb-margin-top:0px;--awb-margin-bottom:0px;--awb-flex-wrap:wrap;\" ><div class=\"fusion-builder-row fusion-row fusion-flex-align-items-flex-start fusion-flex-content-wrap\" style=\"max-width:calc( 1200px + 0px );margin-left: calc(-0px \/ 2 );margin-right: calc(-0px \/ 2 );\"><div class=\"fusion-layout-column fusion_builder_column fusion-builder-column-2 fusion_builder_column_1_1 1_1 fusion-flex-column\" style=\"--awb-padding-top:0px;--awb-padding-right:0px;--awb-padding-bottom:0px;--awb-padding-left:0px;--awb-bg-size:cover;--awb-width-large:100%;--awb-margin-top-large:0px;--awb-spacing-right-large:0px;--awb-margin-bottom-large:0px;--awb-spacing-left-large:0px;--awb-width-medium:100%;--awb-order-medium:0;--awb-spacing-right-medium:0px;--awb-spacing-left-medium:0px;--awb-width-small:100%;--awb-order-small:0;--awb-spacing-right-small:0px;--awb-spacing-left-small:0px;\" data-scroll-devices=\"small-visibility,medium-visibility,large-visibility\"><div class=\"fusion-column-wrapper fusion-column-has-shadow fusion-flex-justify-content-flex-start fusion-content-layout-column\"><div class=\"fusion-text fusion-text-1 fusion-text-no-margin\" style=\"--awb-font-size:16px;--awb-text-color:#9c9b9b;--awb-margin-top:30px;--awb-margin-right:30px;--awb-margin-bottom:30px;--awb-margin-left:30px;--awb-text-font-family:&quot;Barlow Condensed&quot;;--awb-text-font-style:normal;--awb-text-font-weight:300;\"><p data-start=\"289\" data-end=\"560\">Freedom of expression is one of the key human rights protected by the Institute for Human Rights and Media (IHRM). IHRM works to safeguard freedom of expression in the media and the digital environment, while respecting the right to information, privacy, and the personal rights of others. <\/p>\n<p data-start=\"562\" data-end=\"1007\">The Institute analyzes cases of restrictions on freedom of expression resulting from media abuses, institutional pressure, disinformation mechanisms, and disproportionate actions by public authorities or private entities. As part of its activities, IHRM conducts monitoring, prepares expert assessments and legal opinions, and undertakes interventions and educational initiatives concerning standards of freedom of expression in a democratic state governed by the rule of law. <\/p>\n<\/div><\/div><\/div><\/div><\/div><div class=\"fusion-fullwidth fullwidth-box fusion-builder-row-4 fusion-flex-container has-pattern-background has-mask-background nonhundred-percent-fullwidth non-hundred-percent-height-scrolling\" style=\"--awb-border-radius-top-left:0px;--awb-border-radius-top-right:0px;--awb-border-radius-bottom-right:0px;--awb-border-radius-bottom-left:0px;--awb-padding-top:0px;--awb-padding-right:0px;--awb-padding-bottom:0px;--awb-padding-left:0px;--awb-padding-top-small:0px;--awb-padding-right-small:50px;--awb-padding-bottom-small:0px;--awb-padding-left-small:50px;--awb-margin-top:0px;--awb-margin-bottom:0px;--awb-margin-top-small:0px;--awb-margin-bottom-small:0px;--awb-flex-wrap:wrap;\" ><div class=\"fusion-builder-row fusion-row fusion-flex-align-items-flex-start fusion-flex-content-wrap\" style=\"max-width:1248px;margin-left: calc(-4% \/ 2 );margin-right: calc(-4% \/ 2 );\"><div class=\"fusion-layout-column fusion_builder_column fusion-builder-column-3 fusion_builder_column_1_1 1_1 fusion-flex-column\" style=\"--awb-bg-size:cover;--awb-width-large:100%;--awb-margin-top-large:0px;--awb-spacing-right-large:1.92%;--awb-margin-bottom-large:20px;--awb-spacing-left-large:1.92%;--awb-width-medium:100%;--awb-order-medium:0;--awb-spacing-right-medium:1.92%;--awb-spacing-left-medium:1.92%;--awb-width-small:100%;--awb-order-small:0;--awb-spacing-right-small:1.92%;--awb-spacing-left-small:1.92%;\"><div class=\"fusion-column-wrapper fusion-column-has-shadow fusion-flex-justify-content-flex-start fusion-content-layout-column\"><div class=\"fusion-separator fusion-full-width-sep\" style=\"align-self: center;margin-left: auto;margin-right: auto;margin-top:30px;margin-bottom:30px;width:100%;max-width:100%;\"><div class=\"fusion-separator-border sep-single sep-solid\" style=\"--awb-height:20px;--awb-amount:20px;--awb-sep-color:#5c3e74;border-color:#5c3e74;border-top-width:3px;\"><\/div><\/div><\/div><\/div><\/div><\/div><div class=\"fusion-fullwidth fullwidth-box fusion-builder-row-5 fusion-flex-container has-pattern-background has-mask-background nonhundred-percent-fullwidth non-hundred-percent-height-scrolling\" style=\"--awb-border-radius-top-left:0px;--awb-border-radius-top-right:0px;--awb-border-radius-bottom-right:0px;--awb-border-radius-bottom-left:0px;--awb-flex-wrap:wrap;\" ><div class=\"fusion-builder-row fusion-row fusion-flex-align-items-flex-start fusion-flex-content-wrap\" style=\"max-width:1248px;margin-left: calc(-4% \/ 2 );margin-right: calc(-4% \/ 2 );\"><div class=\"fusion-layout-column fusion_builder_column fusion-builder-column-4 fusion_builder_column_1_1 1_1 fusion-flex-column\" style=\"--awb-bg-size:cover;--awb-width-large:100%;--awb-margin-top-large:0px;--awb-spacing-right-large:1.92%;--awb-margin-bottom-large:20px;--awb-spacing-left-large:1.92%;--awb-width-medium:100%;--awb-order-medium:0;--awb-spacing-right-medium:1.92%;--awb-spacing-left-medium:1.92%;--awb-width-small:100%;--awb-order-small:0;--awb-spacing-right-small:1.92%;--awb-spacing-left-small:1.92%;\"><div class=\"fusion-column-wrapper fusion-column-has-shadow fusion-flex-justify-content-flex-start fusion-content-layout-column\"><!--\nschema.org: CollectionPage\nheadline: Wolno\u015b\u0107 s\u0142owa\nabout: wolno\u015b\u0107 s\u0142owa w mediach, wolno\u015b\u0107 wypowiedzi, cenzura, standardy demokratyczne\npublisher: Instytut Praw Cz\u0142owieka i Medi\u00f3w\ninLanguage: pl-PL\n--><\/div><\/div><\/div><\/div><\/p>\n","protected":false},"excerpt":{"rendered":"","protected":false},"author":1,"featured_media":1261,"parent":0,"menu_order":0,"comment_status":"closed","ping_status":"closed","template":"100-width.php","meta":{"footnotes":""},"class_list":["post-1284","page","type-page","status-publish","has-post-thumbnail","hentry"],"yoast_head":"<!-- This site is optimized with the Yoast SEO plugin v27.4 - https:\/\/yoast.com\/product\/yoast-seo-wordpress\/ -->\n<title>Freedom of Speech in the Media and Online - Instytut Praw Cz\u0142owieka i Medi\u00f3w<\/title>\n<meta name=\"description\" content=\"IHRM protects freedom of expression in the media and online through monitoring, analysis, and interventions addressing restrictions and democratic standards.\" \/>\n<meta name=\"robots\" content=\"index, follow, max-snippet:-1, max-image-preview:large, max-video-preview:-1\" \/>\n<link rel=\"canonical\" href=\"https:\/\/ipcim.org.pl\/en\/freedom-of-expression\/\" \/>\n<meta property=\"og:locale\" content=\"en_US\" \/>\n<meta property=\"og:type\" content=\"article\" \/>\n<meta property=\"og:title\" content=\"Freedom of Speech in the Media and Online - Instytut Praw Cz\u0142owieka i Medi\u00f3w\" \/>\n<meta property=\"og:description\" content=\"IHRM protects freedom of expression in the media and online through monitoring, analysis, and interventions addressing restrictions and democratic standards.\" \/>\n<meta property=\"og:url\" content=\"https:\/\/ipcim.org.pl\/en\/freedom-of-expression\/\" \/>\n<meta property=\"og:site_name\" content=\"Instytut Praw Cz\u0142owieka i Medi\u00f3w\" \/>\n<meta property=\"article:modified_time\" content=\"2026-01-12T17:24:37+00:00\" \/>\n<meta property=\"og:image\" content=\"https:\/\/ipcim.org.pl\/wp-content\/uploads\/2026\/01\/FIPCIM_Logo_Kwadrat_v01_got.png\" \/>\n\t<meta property=\"og:image:width\" content=\"696\" \/>\n\t<meta property=\"og:image:height\" content=\"696\" \/>\n\t<meta property=\"og:image:type\" content=\"image\/png\" \/>\n<meta name=\"twitter:card\" content=\"summary_large_image\" \/>\n<meta name=\"twitter:label1\" content=\"Est. reading time\" \/>\n\t<meta name=\"twitter:data1\" content=\"16 minutes\" \/>\n<script type=\"application\/ld+json\" class=\"yoast-schema-graph\">{\"@context\":\"https:\\\/\\\/schema.org\",\"@graph\":[{\"@type\":\"WebPage\",\"@id\":\"https:\\\/\\\/ipcim.org.pl\\\/en\\\/freedom-of-expression\\\/\",\"url\":\"https:\\\/\\\/ipcim.org.pl\\\/en\\\/freedom-of-expression\\\/\",\"name\":\"Freedom of Speech in the Media and Online - Instytut Praw Cz\u0142owieka i Medi\u00f3w\",\"isPartOf\":{\"@id\":\"https:\\\/\\\/ipcim.org.pl\\\/#website\"},\"primaryImageOfPage\":{\"@id\":\"https:\\\/\\\/ipcim.org.pl\\\/en\\\/freedom-of-expression\\\/#primaryimage\"},\"image\":{\"@id\":\"https:\\\/\\\/ipcim.org.pl\\\/en\\\/freedom-of-expression\\\/#primaryimage\"},\"thumbnailUrl\":\"https:\\\/\\\/ipcim.org.pl\\\/wp-content\\\/uploads\\\/2026\\\/01\\\/FIPCIM_Logo_Kwadrat_v01_got.png\",\"datePublished\":\"2025-09-06T10:52:13+00:00\",\"dateModified\":\"2026-01-12T17:24:37+00:00\",\"description\":\"IHRM protects freedom of expression in the media and online through monitoring, analysis, and interventions addressing restrictions and democratic standards.\",\"breadcrumb\":{\"@id\":\"https:\\\/\\\/ipcim.org.pl\\\/en\\\/freedom-of-expression\\\/#breadcrumb\"},\"inLanguage\":\"en-US\",\"potentialAction\":[{\"@type\":\"ReadAction\",\"target\":[\"https:\\\/\\\/ipcim.org.pl\\\/en\\\/freedom-of-expression\\\/\"]}]},{\"@type\":\"ImageObject\",\"inLanguage\":\"en-US\",\"@id\":\"https:\\\/\\\/ipcim.org.pl\\\/en\\\/freedom-of-expression\\\/#primaryimage\",\"url\":\"https:\\\/\\\/ipcim.org.pl\\\/wp-content\\\/uploads\\\/2026\\\/01\\\/FIPCIM_Logo_Kwadrat_v01_got.png\",\"contentUrl\":\"https:\\\/\\\/ipcim.org.pl\\\/wp-content\\\/uploads\\\/2026\\\/01\\\/FIPCIM_Logo_Kwadrat_v01_got.png\",\"width\":696,\"height\":696,\"caption\":\"Instytut Praw Cz\u0142owieka i Medi\u00f3w\"},{\"@type\":\"BreadcrumbList\",\"@id\":\"https:\\\/\\\/ipcim.org.pl\\\/en\\\/freedom-of-expression\\\/#breadcrumb\",\"itemListElement\":[{\"@type\":\"ListItem\",\"position\":1,\"name\":\"Strona g\u0142\u00f3wna\",\"item\":\"https:\\\/\\\/ipcim.org.pl\\\/en\\\/homeeng\\\/\"},{\"@type\":\"ListItem\",\"position\":2,\"name\":\"Freedom of Expression\"}]},{\"@type\":\"WebSite\",\"@id\":\"https:\\\/\\\/ipcim.org.pl\\\/#website\",\"url\":\"https:\\\/\\\/ipcim.org.pl\\\/\",\"name\":\"Instytut Praw Cz\u0142owieka i Medi\u00f3w\",\"description\":\"Etyka, prawo i odpowiedzialno\u015b\u0107 informacyjna\",\"publisher\":{\"@id\":\"https:\\\/\\\/ipcim.org.pl\\\/#organization\"},\"alternateName\":\"Instytut Praw Cz\u0142owieka i Medi\u00f3w\",\"potentialAction\":[{\"@type\":\"SearchAction\",\"target\":{\"@type\":\"EntryPoint\",\"urlTemplate\":\"https:\\\/\\\/ipcim.org.pl\\\/?s={search_term_string}\"},\"query-input\":{\"@type\":\"PropertyValueSpecification\",\"valueRequired\":true,\"valueName\":\"search_term_string\"}}],\"inLanguage\":\"en-US\"},{\"@type\":\"Organization\",\"@id\":\"https:\\\/\\\/ipcim.org.pl\\\/#organization\",\"name\":\"Instytut Praw Cz\u0142owieka i Medi\u00f3w\",\"alternateName\":\"Instytut Praw Cz\u0142owieka i Medi\u00f3w\",\"url\":\"https:\\\/\\\/ipcim.org.pl\\\/\",\"logo\":{\"@type\":\"ImageObject\",\"inLanguage\":\"en-US\",\"@id\":\"https:\\\/\\\/ipcim.org.pl\\\/#\\\/schema\\\/logo\\\/image\\\/\",\"url\":\"https:\\\/\\\/ipcim.org.pl\\\/wp-content\\\/uploads\\\/2026\\\/01\\\/FIPCIM_Logo_Kwadrat_v01_got.png\",\"contentUrl\":\"https:\\\/\\\/ipcim.org.pl\\\/wp-content\\\/uploads\\\/2026\\\/01\\\/FIPCIM_Logo_Kwadrat_v01_got.png\",\"width\":696,\"height\":696,\"caption\":\"Instytut Praw Cz\u0142owieka i Medi\u00f3w\"},\"image\":{\"@id\":\"https:\\\/\\\/ipcim.org.pl\\\/#\\\/schema\\\/logo\\\/image\\\/\"}}]}<\/script>\n<!-- \/ Yoast SEO plugin. -->","yoast_head_json":{"title":"Freedom of Speech in the Media and Online - Instytut Praw Cz\u0142owieka i Medi\u00f3w","description":"IHRM protects freedom of expression in the media and online through monitoring, analysis, and interventions addressing restrictions and democratic standards.","robots":{"index":"index","follow":"follow","max-snippet":"max-snippet:-1","max-image-preview":"max-image-preview:large","max-video-preview":"max-video-preview:-1"},"canonical":"https:\/\/ipcim.org.pl\/en\/freedom-of-expression\/","og_locale":"en_US","og_type":"article","og_title":"Freedom of Speech in the Media and Online - Instytut Praw Cz\u0142owieka i Medi\u00f3w","og_description":"IHRM protects freedom of expression in the media and online through monitoring, analysis, and interventions addressing restrictions and democratic standards.","og_url":"https:\/\/ipcim.org.pl\/en\/freedom-of-expression\/","og_site_name":"Instytut Praw Cz\u0142owieka i Medi\u00f3w","article_modified_time":"2026-01-12T17:24:37+00:00","og_image":[{"width":696,"height":696,"url":"https:\/\/ipcim.org.pl\/wp-content\/uploads\/2026\/01\/FIPCIM_Logo_Kwadrat_v01_got.png","type":"image\/png"}],"twitter_card":"summary_large_image","twitter_misc":{"Est. reading time":"16 minutes"},"schema":{"@context":"https:\/\/schema.org","@graph":[{"@type":"WebPage","@id":"https:\/\/ipcim.org.pl\/en\/freedom-of-expression\/","url":"https:\/\/ipcim.org.pl\/en\/freedom-of-expression\/","name":"Freedom of Speech in the Media and Online - Instytut Praw Cz\u0142owieka i Medi\u00f3w","isPartOf":{"@id":"https:\/\/ipcim.org.pl\/#website"},"primaryImageOfPage":{"@id":"https:\/\/ipcim.org.pl\/en\/freedom-of-expression\/#primaryimage"},"image":{"@id":"https:\/\/ipcim.org.pl\/en\/freedom-of-expression\/#primaryimage"},"thumbnailUrl":"https:\/\/ipcim.org.pl\/wp-content\/uploads\/2026\/01\/FIPCIM_Logo_Kwadrat_v01_got.png","datePublished":"2025-09-06T10:52:13+00:00","dateModified":"2026-01-12T17:24:37+00:00","description":"IHRM protects freedom of expression in the media and online through monitoring, analysis, and interventions addressing restrictions and democratic standards.","breadcrumb":{"@id":"https:\/\/ipcim.org.pl\/en\/freedom-of-expression\/#breadcrumb"},"inLanguage":"en-US","potentialAction":[{"@type":"ReadAction","target":["https:\/\/ipcim.org.pl\/en\/freedom-of-expression\/"]}]},{"@type":"ImageObject","inLanguage":"en-US","@id":"https:\/\/ipcim.org.pl\/en\/freedom-of-expression\/#primaryimage","url":"https:\/\/ipcim.org.pl\/wp-content\/uploads\/2026\/01\/FIPCIM_Logo_Kwadrat_v01_got.png","contentUrl":"https:\/\/ipcim.org.pl\/wp-content\/uploads\/2026\/01\/FIPCIM_Logo_Kwadrat_v01_got.png","width":696,"height":696,"caption":"Instytut Praw Cz\u0142owieka i Medi\u00f3w"},{"@type":"BreadcrumbList","@id":"https:\/\/ipcim.org.pl\/en\/freedom-of-expression\/#breadcrumb","itemListElement":[{"@type":"ListItem","position":1,"name":"Strona g\u0142\u00f3wna","item":"https:\/\/ipcim.org.pl\/en\/homeeng\/"},{"@type":"ListItem","position":2,"name":"Freedom of Expression"}]},{"@type":"WebSite","@id":"https:\/\/ipcim.org.pl\/#website","url":"https:\/\/ipcim.org.pl\/","name":"Instytut Praw Cz\u0142owieka i Medi\u00f3w","description":"Etyka, prawo i odpowiedzialno\u015b\u0107 informacyjna","publisher":{"@id":"https:\/\/ipcim.org.pl\/#organization"},"alternateName":"Instytut Praw Cz\u0142owieka i Medi\u00f3w","potentialAction":[{"@type":"SearchAction","target":{"@type":"EntryPoint","urlTemplate":"https:\/\/ipcim.org.pl\/?s={search_term_string}"},"query-input":{"@type":"PropertyValueSpecification","valueRequired":true,"valueName":"search_term_string"}}],"inLanguage":"en-US"},{"@type":"Organization","@id":"https:\/\/ipcim.org.pl\/#organization","name":"Instytut Praw Cz\u0142owieka i Medi\u00f3w","alternateName":"Instytut Praw Cz\u0142owieka i Medi\u00f3w","url":"https:\/\/ipcim.org.pl\/","logo":{"@type":"ImageObject","inLanguage":"en-US","@id":"https:\/\/ipcim.org.pl\/#\/schema\/logo\/image\/","url":"https:\/\/ipcim.org.pl\/wp-content\/uploads\/2026\/01\/FIPCIM_Logo_Kwadrat_v01_got.png","contentUrl":"https:\/\/ipcim.org.pl\/wp-content\/uploads\/2026\/01\/FIPCIM_Logo_Kwadrat_v01_got.png","width":696,"height":696,"caption":"Instytut Praw Cz\u0142owieka i Medi\u00f3w"},"image":{"@id":"https:\/\/ipcim.org.pl\/#\/schema\/logo\/image\/"}}]}},"_links":{"self":[{"href":"https:\/\/ipcim.org.pl\/en\/wp-json\/wp\/v2\/pages\/1284","targetHints":{"allow":["GET"]}}],"collection":[{"href":"https:\/\/ipcim.org.pl\/en\/wp-json\/wp\/v2\/pages"}],"about":[{"href":"https:\/\/ipcim.org.pl\/en\/wp-json\/wp\/v2\/types\/page"}],"author":[{"embeddable":true,"href":"https:\/\/ipcim.org.pl\/en\/wp-json\/wp\/v2\/users\/1"}],"replies":[{"embeddable":true,"href":"https:\/\/ipcim.org.pl\/en\/wp-json\/wp\/v2\/comments?post=1284"}],"version-history":[{"count":3,"href":"https:\/\/ipcim.org.pl\/en\/wp-json\/wp\/v2\/pages\/1284\/revisions"}],"predecessor-version":[{"id":1463,"href":"https:\/\/ipcim.org.pl\/en\/wp-json\/wp\/v2\/pages\/1284\/revisions\/1463"}],"wp:featuredmedia":[{"embeddable":true,"href":"https:\/\/ipcim.org.pl\/en\/wp-json\/wp\/v2\/media\/1261"}],"wp:attachment":[{"href":"https:\/\/ipcim.org.pl\/en\/wp-json\/wp\/v2\/media?parent=1284"}],"curies":[{"name":"wp","href":"https:\/\/api.w.org\/{rel}","templated":true}]}}